{"id":73,"date":"2025-11-12T11:59:41","date_gmt":"2025-11-12T11:59:41","guid":{"rendered":"https:\/\/dj-akram.ch\/?page_id=73"},"modified":"2025-11-12T11:59:41","modified_gmt":"2025-11-12T11:59:41","slug":"impressum","status":"publish","type":"page","link":"https:\/\/dj-akram.ch\/index.php\/impressum\/","title":{"rendered":"Impressum"},"content":{"rendered":"\n<h2 class=\"wp-block-heading\"><strong>Impressum<\/strong><\/h2>\n\n\n\n<p><strong>Verantwortlich f\u00fcr den Inhalt:<\/strong><br>Akram Abdalla Mohamed<br>Bahnhofstrasse 19<br>9443 Widnau, Schweiz<\/p>\n\n\n\n<p>\ud83d\udcde <strong>Telefon:<\/strong> +41 79 458 55 53<br>\ud83d\udce7 <strong>E-Mai<\/strong>l: info@dj-akram.ch<\/p>\n\n\n\n<hr class=\"wp-block-separator has-alpha-channel-opacity\"\/>\n\n\n\n<h3 class=\"wp-block-heading\"><strong>Rechtliche Hinweise<\/strong><\/h3>\n\n\n\n<p><strong>Haftung f\u00fcr Inhalte<\/strong><br>Die Inhalte dieser Website wurden mit gr\u00f6sster Sorgfalt erstellt. F\u00fcr die Richtigkeit, Vollst\u00e4ndigkeit und Aktualit\u00e4t der Inhalte wird jedoch keine Gew\u00e4hr \u00fcbernommen.<\/p>\n\n\n\n<p><strong>Haftung f\u00fcr Links<\/strong><br>Diese Website enth\u00e4lt ggf. Links zu externen Websites Dritter, auf deren Inhalte kein Einfluss besteht. F\u00fcr diese fremden Inhalte wird keine Verantwortung \u00fcbernommen. Zum Zeitpunkt der Verlinkung waren keine rechtswidrigen Inhalte erkennbar.<\/p>\n\n\n\n<p><strong>Urheberrecht<\/strong><br>Alle Inhalte, Bilder, Grafiken und Texte auf dieser Website unterliegen dem Urheberrecht. Die Vervielf\u00e4ltigung, Bearbeitung, Verbreitung oder Verwendung ausserhalb der Grenzen des Urheberrechts bed\u00fcrfen der schriftlichen Zustimmung des jeweiligen Autors oder Erstellers.<\/p>\n\n\n\n<p><strong>Datenschutz<\/strong><br>Personenbezogene Daten, die \u00fcber diese Website \u00fcbermittelt werden (z. B. \u00fcber Kontaktformulare oder E-Mail), werden vertraulich behandelt und nicht an Dritte weitergegeben.<\/p>\n\n\n\n<hr class=\"wp-block-separator has-alpha-channel-opacity\"\/>\n\n\n\n<h3 class=\"wp-block-heading\"><strong>Kontakt bei rechtlichen Anfragen<\/strong><\/h3>\n\n\n\n<p>Anfragen zu rechtlichen Themen bitte an:<br>\ud83d\udce9 <strong>E-Mail<\/strong>: info@dj-akram.ch<\/p>\n","protected":false},"excerpt":{"rendered":"<p>Impressum Verantwortlich f\u00fcr den Inhalt:Akram Abdalla MohamedBahnhofstrasse 199443 Widnau, Schweiz \ud83d\udcde Telefon: +41 79 458 55 53\ud83d\udce7 E-Mail: info@dj-akram.ch Rechtliche [&hellip;]<\/p>\n","protected":false},"author":1,"featured_media":0,"parent":0,"menu_order":0,"comment_status":"closed","ping_status":"open","template":"","meta":{"site-sidebar-layout":"default","site-content-layout":"","ast-site-content-layout":"default","site-content-style":"default","site-sidebar-style":"default","ast-global-header-display":"","ast-banner-title-visibility":"","ast-main-header-display":"","ast-hfb-above-header-display":"","ast-hfb-below-header-display":"","ast-hfb-mobile-header-display":"","site-post-title":"","ast-breadcrumbs-content":"","ast-featured-img":"","footer-sml-layout":"","ast-disable-related-posts":"","theme-transparent-header-meta":"","adv-header-id-meta":"","stick-header-meta":"","header-above-stick-meta":"","header-main-stick-meta":"","header-below-stick-meta":"","astra-migrate-meta-layouts":"default","ast-page-background-enabled":"default","ast-page-background-meta":{"desktop":{"background-color":"var(--ast-global-color-5)","background-image":"","background-repeat":"repeat","background-position":"center center","background-size":"auto","background-attachment":"scroll","background-type":"","background-media":"","overlay-type":"","overlay-color":"","overlay-opacity":"","overlay-gradient":""},"tablet":{"background-color":"","background-image":"","background-repeat":"repeat","background-position":"center center","background-size":"auto","background-attachment":"scroll","background-type":"","background-media":"","overlay-type":"","overlay-color":"","overlay-opacity":"","overlay-gradient":""},"mobile":{"background-color":"","background-image":"","background-repeat":"repeat","background-position":"center center","background-size":"auto","background-attachment":"scroll","background-type":"","background-media":"","overlay-type":"","overlay-color":"","overlay-opacity":"","overlay-gradient":""}},"ast-content-background-meta":{"desktop":{"background-color":"var(--ast-global-color-4)","background-image":"","background-repeat":"repeat","background-position":"center center","background-size":"auto","background-attachment":"scroll","background-type":"","background-media":"","overlay-type":"","overlay-color":"","overlay-opacity":"","overlay-gradient":""},"tablet":{"background-color":"var(--ast-global-color-4)","background-image":"","background-repeat":"repeat","background-position":"center center","background-size":"auto","background-attachment":"scroll","background-type":"","background-media":"","overlay-type":"","overlay-color":"","overlay-opacity":"","overlay-gradient":""},"mobile":{"background-color":"var(--ast-global-color-4)","background-image":"","background-repeat":"repeat","background-position":"center center","background-size":"auto","background-attachment":"scroll","background-type":"","background-media":"","overlay-type":"","overlay-color":"","overlay-opacity":"","overlay-gradient":""}},"footnotes":""},"class_list":["post-73","page","type-page","status-publish","hentry"],"yoast_head":"<!-- This site is optimized with the Yoast SEO plugin v27.1 - https:\/\/yoast.com\/product\/yoast-seo-wordpress\/ -->\n<title>Impressum - DJ Akram<\/title>\n<meta name=\"description\" content=\"Impressum Verantwortlich f\u00fcr den Inhalt:Akram Abdalla MohamedBahnhofstrasse 199443 Widnau, Schweiz \ud83d\udcde Telefon: +41 79 458 55 53\ud83d\udce7 E-Mail: info@dj-akram.ch Rechtliche [&hellip;]\" \/>\n<meta name=\"robots\" content=\"index, follow, max-snippet:-1, max-image-preview:large, max-video-preview:-1\" \/>\n<link rel=\"canonical\" href=\"https:\/\/dj-akram.ch\/index.php\/impressum\/\" \/>\n<meta property=\"og:locale\" content=\"de_DE\" \/>\n<meta property=\"og:type\" content=\"article\" \/>\n<meta property=\"og:title\" content=\"Impressum - DJ Akram\" \/>\n<meta property=\"og:description\" content=\"Impressum Verantwortlich f\u00fcr den Inhalt:Akram Abdalla MohamedBahnhofstrasse 199443 Widnau, Schweiz \ud83d\udcde Telefon: +41 79 458 55 53\ud83d\udce7 E-Mail: info@dj-akram.ch Rechtliche [&hellip;]\" \/>\n<meta property=\"og:url\" content=\"https:\/\/dj-akram.ch\/index.php\/impressum\/\" \/>\n<meta property=\"og:site_name\" content=\"DJ Akram\" \/>\n<meta name=\"twitter:card\" content=\"summary_large_image\" \/>\n<meta name=\"twitter:label1\" content=\"Gesch\u00e4tzte Lesezeit\" \/>\n\t<meta name=\"twitter:data1\" content=\"1\u00a0Minute\" \/>\n<script type=\"application\/ld+json\" class=\"yoast-schema-graph\">{\"@context\":\"https:\/\/schema.org\",\"@graph\":[{\"@type\":\"WebPage\",\"@id\":\"https:\/\/dj-akram.ch\/index.php\/impressum\/\",\"url\":\"https:\/\/dj-akram.ch\/index.php\/impressum\/\",\"name\":\"Impressum - DJ Akram\",\"isPartOf\":{\"@id\":\"https:\/\/dj-akram.ch\/#website\"},\"datePublished\":\"2025-11-12T11:59:41+00:00\",\"breadcrumb\":{\"@id\":\"https:\/\/dj-akram.ch\/index.php\/impressum\/#breadcrumb\"},\"inLanguage\":\"de\",\"potentialAction\":[{\"@type\":\"ReadAction\",\"target\":[\"https:\/\/dj-akram.ch\/index.php\/impressum\/\"]}]},{\"@type\":\"BreadcrumbList\",\"@id\":\"https:\/\/dj-akram.ch\/index.php\/impressum\/#breadcrumb\",\"itemListElement\":[{\"@type\":\"ListItem\",\"position\":1,\"name\":\"Home\",\"item\":\"https:\/\/dj-akram.ch\/\"},{\"@type\":\"ListItem\",\"position\":2,\"name\":\"Impressum\"}]},{\"@type\":\"WebSite\",\"@id\":\"https:\/\/dj-akram.ch\/#website\",\"url\":\"https:\/\/dj-akram.ch\/\",\"name\":\"DJ Akram\",\"description\":\"\",\"publisher\":{\"@id\":\"https:\/\/dj-akram.ch\/#organization\"},\"potentialAction\":[{\"@type\":\"SearchAction\",\"target\":{\"@type\":\"EntryPoint\",\"urlTemplate\":\"https:\/\/dj-akram.ch\/?s={search_term_string}\"},\"query-input\":{\"@type\":\"PropertyValueSpecification\",\"valueRequired\":true,\"valueName\":\"search_term_string\"}}],\"inLanguage\":\"de\"},{\"@type\":\"Organization\",\"@id\":\"https:\/\/dj-akram.ch\/#organization\",\"name\":\"DJ Akram\",\"url\":\"https:\/\/dj-akram.ch\/\",\"logo\":{\"@type\":\"ImageObject\",\"inLanguage\":\"de\",\"@id\":\"https:\/\/dj-akram.ch\/#\/schema\/logo\/image\/\",\"url\":\"https:\/\/dj-akram.ch\/wp-content\/uploads\/2025\/11\/cropped-djakramLK.png\",\"contentUrl\":\"https:\/\/dj-akram.ch\/wp-content\/uploads\/2025\/11\/cropped-djakramLK.png\",\"width\":600,\"height\":567,\"caption\":\"DJ Akram\"},\"image\":{\"@id\":\"https:\/\/dj-akram.ch\/#\/schema\/logo\/image\/\"}}]}<\/script>\n<!-- \/ Yoast SEO plugin. -->","yoast_head_json":{"title":"Impressum - DJ Akram","description":"Impressum Verantwortlich f\u00fcr den Inhalt:Akram Abdalla MohamedBahnhofstrasse 199443 Widnau, Schweiz \ud83d\udcde Telefon: +41 79 458 55 53\ud83d\udce7 E-Mail: info@dj-akram.ch Rechtliche [&hellip;]","robots":{"index":"index","follow":"follow","max-snippet":"max-snippet:-1","max-image-preview":"max-image-preview:large","max-video-preview":"max-video-preview:-1"},"canonical":"https:\/\/dj-akram.ch\/index.php\/impressum\/","og_locale":"de_DE","og_type":"article","og_title":"Impressum - DJ Akram","og_description":"Impressum Verantwortlich f\u00fcr den Inhalt:Akram Abdalla MohamedBahnhofstrasse 199443 Widnau, Schweiz \ud83d\udcde Telefon: +41 79 458 55 53\ud83d\udce7 E-Mail: info@dj-akram.ch Rechtliche [&hellip;]","og_url":"https:\/\/dj-akram.ch\/index.php\/impressum\/","og_site_name":"DJ Akram","twitter_card":"summary_large_image","twitter_misc":{"Gesch\u00e4tzte Lesezeit":"1\u00a0Minute"},"schema":{"@context":"https:\/\/schema.org","@graph":[{"@type":"WebPage","@id":"https:\/\/dj-akram.ch\/index.php\/impressum\/","url":"https:\/\/dj-akram.ch\/index.php\/impressum\/","name":"Impressum - DJ Akram","isPartOf":{"@id":"https:\/\/dj-akram.ch\/#website"},"datePublished":"2025-11-12T11:59:41+00:00","breadcrumb":{"@id":"https:\/\/dj-akram.ch\/index.php\/impressum\/#breadcrumb"},"inLanguage":"de","potentialAction":[{"@type":"ReadAction","target":["https:\/\/dj-akram.ch\/index.php\/impressum\/"]}]},{"@type":"BreadcrumbList","@id":"https:\/\/dj-akram.ch\/index.php\/impressum\/#breadcrumb","itemListElement":[{"@type":"ListItem","position":1,"name":"Home","item":"https:\/\/dj-akram.ch\/"},{"@type":"ListItem","position":2,"name":"Impressum"}]},{"@type":"WebSite","@id":"https:\/\/dj-akram.ch\/#website","url":"https:\/\/dj-akram.ch\/","name":"DJ Akram","description":"","publisher":{"@id":"https:\/\/dj-akram.ch\/#organization"},"potentialAction":[{"@type":"SearchAction","target":{"@type":"EntryPoint","urlTemplate":"https:\/\/dj-akram.ch\/?s={search_term_string}"},"query-input":{"@type":"PropertyValueSpecification","valueRequired":true,"valueName":"search_term_string"}}],"inLanguage":"de"},{"@type":"Organization","@id":"https:\/\/dj-akram.ch\/#organization","name":"DJ Akram","url":"https:\/\/dj-akram.ch\/","logo":{"@type":"ImageObject","inLanguage":"de","@id":"https:\/\/dj-akram.ch\/#\/schema\/logo\/image\/","url":"https:\/\/dj-akram.ch\/wp-content\/uploads\/2025\/11\/cropped-djakramLK.png","contentUrl":"https:\/\/dj-akram.ch\/wp-content\/uploads\/2025\/11\/cropped-djakramLK.png","width":600,"height":567,"caption":"DJ Akram"},"image":{"@id":"https:\/\/dj-akram.ch\/#\/schema\/logo\/image\/"}}]}},"_links":{"self":[{"href":"https:\/\/dj-akram.ch\/index.php\/wp-json\/wp\/v2\/pages\/73","targetHints":{"allow":["GET"]}}],"collection":[{"href":"https:\/\/dj-akram.ch\/index.php\/wp-json\/wp\/v2\/pages"}],"about":[{"href":"https:\/\/dj-akram.ch\/index.php\/wp-json\/wp\/v2\/types\/page"}],"author":[{"embeddable":true,"href":"https:\/\/dj-akram.ch\/index.php\/wp-json\/wp\/v2\/users\/1"}],"replies":[{"embeddable":true,"href":"https:\/\/dj-akram.ch\/index.php\/wp-json\/wp\/v2\/comments?post=73"}],"version-history":[{"count":1,"href":"https:\/\/dj-akram.ch\/index.php\/wp-json\/wp\/v2\/pages\/73\/revisions"}],"predecessor-version":[{"id":74,"href":"https:\/\/dj-akram.ch\/index.php\/wp-json\/wp\/v2\/pages\/73\/revisions\/74"}],"wp:attachment":[{"href":"https:\/\/dj-akram.ch\/index.php\/wp-json\/wp\/v2\/media?parent=73"}],"curies":[{"name":"wp","href":"https:\/\/api.w.org\/{rel}","templated":true}]}}