{"id":3,"date":"2025-11-12T07:25:49","date_gmt":"2025-11-12T07:25:49","guid":{"rendered":"https:\/\/dj-akram.ch\/?page_id=3"},"modified":"2025-11-15T07:21:01","modified_gmt":"2025-11-15T07:21:01","slug":"privacy-policy","status":"publish","type":"page","link":"https:\/\/dj-akram.ch\/index.php\/privacy-policy\/","title":{"rendered":"Datenschutzerkl\u00e4rung"},"content":{"rendered":"\n<h2 class=\"wp-block-heading\"><strong>Datenschutzerkl\u00e4rung<\/strong><\/h2>\n\n\n\n<h3 class=\"wp-block-heading\"><strong>1. Allgemeine Hinweise<\/strong><\/h3>\n\n\n\n<p>Der Schutz Ihrer pers\u00f6nlichen Daten ist uns ein wichtiges Anliegen. Diese Datenschutzerkl\u00e4rung informiert Sie dar\u00fcber, welche personenbezogenen Daten beim Besuch dieser Website erhoben, verarbeitet und genutzt werden \u2013 im Einklang mit dem <strong>Schweizer Datenschutzgesetz (DSG)<\/strong> sowie der <strong>Datenschutz-Grundverordnung (DSGVO) der EU<\/strong>.<\/p>\n\n\n\n<hr class=\"wp-block-separator has-alpha-channel-opacity\"\/>\n\n\n\n<h3 class=\"wp-block-heading\"><strong>2. Verantwortliche Stelle<\/strong><\/h3>\n\n\n\n<h3 class=\"wp-block-heading\"><strong>3. Erhebung und Verarbeitung personenbezogener Daten<\/strong><\/h3>\n\n\n\n<p>Beim Besuch dieser Website werden automatisch bestimmte Daten durch den Server erfasst:<\/p>\n\n\n\n<ul class=\"wp-block-list\">\n<li>IP-Adresse des zugreifenden Ger\u00e4ts<\/li>\n\n\n\n<li>Datum und Uhrzeit des Zugriffs<\/li>\n\n\n\n<li>Verwendeter Browser und Betriebssystem<\/li>\n\n\n\n<li>Verweisende Website (Referrer URL)<\/li>\n<\/ul>\n\n\n\n<p>Diese Daten dienen ausschliesslich zur Sicherstellung des technischen Betriebs, zur Sicherheit sowie zur Optimierung des Webangebots.<\/p>\n\n\n\n<hr class=\"wp-block-separator has-alpha-channel-opacity\"\/>\n\n\n\n<h3 class=\"wp-block-heading\"><strong>4. Nutzung von Kontaktformularen oder E-Mail<\/strong><\/h3>\n\n\n\n<p>Wenn Sie uns per E-Mail oder \u00fcber ein Formular kontaktieren, werden Ihre angegebenen Daten (Name, E-Mail-Adresse, Nachricht) nur zur Bearbeitung Ihrer Anfrage verwendet und nicht ohne Ihre Zustimmung weitergegeben.<\/p>\n\n\n\n<hr class=\"wp-block-separator has-alpha-channel-opacity\"\/>\n\n\n\n<h3 class=\"wp-block-heading\"><strong>5. Cookies<\/strong><\/h3>\n\n\n\n<p>Diese Website verwendet Cookies, um bestimmte Funktionen bereitzustellen und die Nutzung zu analysieren.<br>Sie k\u00f6nnen Ihren Browser so einstellen, dass keine Cookies gespeichert werden oder dass Sie \u00fcber das Setzen von Cookies informiert werden.<\/p>\n\n\n\n<hr class=\"wp-block-separator has-alpha-channel-opacity\"\/>\n\n\n\n<h3 class=\"wp-block-heading\"><strong>6. Einsatz von Analysetools<\/strong><\/h3>\n\n\n\n<p>Sofern Google Analytics oder \u00e4hnliche Dienste verwendet werden:<\/p>\n\n\n\n<blockquote class=\"wp-block-quote is-layout-flow wp-block-quote-is-layout-flow\">\n<p>Diese Website nutzt Google Analytics, einen Webanalysedienst der Google Ireland Ltd.<br>Google verwendet Cookies, um eine Analyse der Benutzung der Website zu erm\u00f6glichen.<br>Die durch Cookies erzeugten Informationen (einschliesslich der IP-Adresse) werden in der Regel an einen Server von Google in den USA \u00fcbertragen und dort gespeichert.<br>Ihre IP-Adresse wird anonymisiert (IP-Anonymisierung aktiviert).<\/p>\n<\/blockquote>\n\n\n\n<hr class=\"wp-block-separator has-alpha-channel-opacity\"\/>\n\n\n\n<h3 class=\"wp-block-heading\"><strong>7. Einbindung von Social Media (Instagram, Facebook, usw.)<\/strong><\/h3>\n\n\n\n<p>Auf dieser Website k\u00f6nnen Plugins von sozialen Netzwerken verwendet werden.<br>Beim Aufruf dieser Seiten wird eine Verbindung zu den Servern der jeweiligen Anbieter hergestellt. Dabei k\u00f6nnen Daten (z. B. IP-Adresse) \u00fcbermittelt werden.<br>Wir haben keinen Einfluss auf den Umfang der Daten, die durch diese Netzwerke erhoben werden.<\/p>\n\n\n\n<hr class=\"wp-block-separator has-alpha-channel-opacity\"\/>\n\n\n\n<h3 class=\"wp-block-heading\"><strong>8. Ihre Rechte<\/strong><\/h3>\n\n\n\n<p>Sie haben gem\u00e4ss DSG und DSGVO das Recht:<\/p>\n\n\n\n<ul class=\"wp-block-list\">\n<li>Auskunft \u00fcber Ihre gespeicherten Daten zu erhalten,<\/li>\n\n\n\n<li>unrichtige Daten berichtigen zu lassen,<\/li>\n\n\n\n<li>die L\u00f6schung Ihrer Daten zu verlangen,<\/li>\n\n\n\n<li>die Einschr\u00e4nkung der Verarbeitung zu verlangen,<\/li>\n\n\n\n<li>der Verarbeitung zu widersprechen,<\/li>\n\n\n\n<li>Daten\u00fcbertragbarkeit zu verlangen.<\/li>\n<\/ul>\n\n\n\n<p>Anfragen richten Sie bitte an: <a href=\"mailto:info@akram.ch\"><strong>info<\/strong>@akram.ch<\/a><\/p>\n\n\n\n<hr class=\"wp-block-separator has-alpha-channel-opacity\"\/>\n\n\n\n<h3 class=\"wp-block-heading\"><strong>9. Datensicherheit<\/strong><\/h3>\n\n\n\n<p>Wir verwenden geeignete technische und organisatorische Sicherheitsmassnahmen, um Ihre Daten gegen Manipulation, Verlust oder unbefugten Zugriff zu sch\u00fctzen.<\/p>\n\n\n\n<hr class=\"wp-block-separator has-alpha-channel-opacity\"\/>\n\n\n\n<h3 class=\"wp-block-heading\"><strong>10. \u00c4nderungen dieser Datenschutzerkl\u00e4rung<\/strong><\/h3>\n\n\n\n<p>Wir behalten uns vor, diese Datenschutzerkl\u00e4rung jederzeit zu \u00e4ndern, um sie an neue rechtliche oder technische Anforderungen anzupassen. Es gilt die jeweils aktuelle Version, wie sie auf dieser Website ver\u00f6ffentlicht ist.<\/p>\n\n\n\n<hr class=\"wp-block-separator has-alpha-channel-opacity\"\/>\n\n\n\n<p><strong>Stand:<\/strong> November 2025<\/p>\n","protected":false},"excerpt":{"rendered":"<p>Datenschutzerkl\u00e4rung 1. Allgemeine Hinweise Der Schutz Ihrer pers\u00f6nlichen Daten ist uns ein wichtiges Anliegen. Diese Datenschutzerkl\u00e4rung informiert Sie dar\u00fcber, welche [&hellip;]<\/p>\n","protected":false},"author":1,"featured_media":0,"parent":0,"menu_order":0,"comment_status":"closed","ping_status":"open","template":"","meta":{"site-sidebar-layout":"default","site-content-layout":"","ast-site-content-layout":"default","site-content-style":"default","site-sidebar-style":"default","ast-global-header-display":"","ast-banner-title-visibility":"","ast-main-header-display":"","ast-hfb-above-header-display":"","ast-hfb-below-header-display":"","ast-hfb-mobile-header-display":"","site-post-title":"","ast-breadcrumbs-content":"","ast-featured-img":"","footer-sml-layout":"","ast-disable-related-posts":"","theme-transparent-header-meta":"","adv-header-id-meta":"","stick-header-meta":"","header-above-stick-meta":"","header-main-stick-meta":"","header-below-stick-meta":"","astra-migrate-meta-layouts":"default","ast-page-background-enabled":"default","ast-page-background-meta":{"desktop":{"background-color":"var(--ast-global-color-5)","background-image":"","background-repeat":"repeat","background-position":"center center","background-size":"auto","background-attachment":"scroll","background-type":"","background-media":"","overlay-type":"","overlay-color":"","overlay-opacity":"","overlay-gradient":""},"tablet":{"background-color":"","background-image":"","background-repeat":"repeat","background-position":"center center","background-size":"auto","background-attachment":"scroll","background-type":"","background-media":"","overlay-type":"","overlay-color":"","overlay-opacity":"","overlay-gradient":""},"mobile":{"background-color":"","background-image":"","background-repeat":"repeat","background-position":"center center","background-size":"auto","background-attachment":"scroll","background-type":"","background-media":"","overlay-type":"","overlay-color":"","overlay-opacity":"","overlay-gradient":""}},"ast-content-background-meta":{"desktop":{"background-color":"var(--ast-global-color-4)","background-image":"","background-repeat":"repeat","background-position":"center center","background-size":"auto","background-attachment":"scroll","background-type":"","background-media":"","overlay-type":"","overlay-color":"","overlay-opacity":"","overlay-gradient":""},"tablet":{"background-color":"var(--ast-global-color-4)","background-image":"","background-repeat":"repeat","background-position":"center center","background-size":"auto","background-attachment":"scroll","background-type":"","background-media":"","overlay-type":"","overlay-color":"","overlay-opacity":"","overlay-gradient":""},"mobile":{"background-color":"var(--ast-global-color-4)","background-image":"","background-repeat":"repeat","background-position":"center center","background-size":"auto","background-attachment":"scroll","background-type":"","background-media":"","overlay-type":"","overlay-color":"","overlay-opacity":"","overlay-gradient":""}},"footnotes":""},"class_list":["post-3","page","type-page","status-publish","hentry"],"yoast_head":"<!-- This site is optimized with the Yoast SEO plugin v27.1 - https:\/\/yoast.com\/product\/yoast-seo-wordpress\/ -->\n<title>Datenschutzerkl\u00e4rung - DJ Akram<\/title>\n<meta name=\"description\" content=\"Datenschutzerkl\u00e4rung 1. Allgemeine Hinweise Der Schutz Ihrer pers\u00f6nlichen Daten ist uns ein wichtiges Anliegen. Diese Datenschutzerkl\u00e4rung informiert Sie dar\u00fcber, welche [&hellip;]\" \/>\n<meta name=\"robots\" content=\"index, follow, max-snippet:-1, max-image-preview:large, max-video-preview:-1\" \/>\n<link rel=\"canonical\" href=\"https:\/\/dj-akram.ch\/index.php\/privacy-policy\/\" \/>\n<meta property=\"og:locale\" content=\"de_DE\" \/>\n<meta property=\"og:type\" content=\"article\" \/>\n<meta property=\"og:title\" content=\"Datenschutzerkl\u00e4rung - DJ Akram\" \/>\n<meta property=\"og:description\" content=\"Datenschutzerkl\u00e4rung 1. Allgemeine Hinweise Der Schutz Ihrer pers\u00f6nlichen Daten ist uns ein wichtiges Anliegen. Diese Datenschutzerkl\u00e4rung informiert Sie dar\u00fcber, welche [&hellip;]\" \/>\n<meta property=\"og:url\" content=\"https:\/\/dj-akram.ch\/index.php\/privacy-policy\/\" \/>\n<meta property=\"og:site_name\" content=\"DJ Akram\" \/>\n<meta property=\"article:modified_time\" content=\"2025-11-15T07:21:01+00:00\" \/>\n<meta name=\"twitter:card\" content=\"summary_large_image\" \/>\n<meta name=\"twitter:label1\" content=\"Gesch\u00e4tzte Lesezeit\" \/>\n\t<meta name=\"twitter:data1\" content=\"2\u00a0Minuten\" \/>\n<script type=\"application\/ld+json\" class=\"yoast-schema-graph\">{\"@context\":\"https:\/\/schema.org\",\"@graph\":[{\"@type\":\"WebPage\",\"@id\":\"https:\/\/dj-akram.ch\/index.php\/privacy-policy\/\",\"url\":\"https:\/\/dj-akram.ch\/index.php\/privacy-policy\/\",\"name\":\"Datenschutzerkl\u00e4rung - DJ Akram\",\"isPartOf\":{\"@id\":\"https:\/\/dj-akram.ch\/#website\"},\"datePublished\":\"2025-11-12T07:25:49+00:00\",\"dateModified\":\"2025-11-15T07:21:01+00:00\",\"breadcrumb\":{\"@id\":\"https:\/\/dj-akram.ch\/index.php\/privacy-policy\/#breadcrumb\"},\"inLanguage\":\"de\",\"potentialAction\":[{\"@type\":\"ReadAction\",\"target\":[\"https:\/\/dj-akram.ch\/index.php\/privacy-policy\/\"]}]},{\"@type\":\"BreadcrumbList\",\"@id\":\"https:\/\/dj-akram.ch\/index.php\/privacy-policy\/#breadcrumb\",\"itemListElement\":[{\"@type\":\"ListItem\",\"position\":1,\"name\":\"Home\",\"item\":\"https:\/\/dj-akram.ch\/\"},{\"@type\":\"ListItem\",\"position\":2,\"name\":\"Datenschutzerkl\u00e4rung\"}]},{\"@type\":\"WebSite\",\"@id\":\"https:\/\/dj-akram.ch\/#website\",\"url\":\"https:\/\/dj-akram.ch\/\",\"name\":\"DJ Akram\",\"description\":\"\",\"publisher\":{\"@id\":\"https:\/\/dj-akram.ch\/#organization\"},\"potentialAction\":[{\"@type\":\"SearchAction\",\"target\":{\"@type\":\"EntryPoint\",\"urlTemplate\":\"https:\/\/dj-akram.ch\/?s={search_term_string}\"},\"query-input\":{\"@type\":\"PropertyValueSpecification\",\"valueRequired\":true,\"valueName\":\"search_term_string\"}}],\"inLanguage\":\"de\"},{\"@type\":\"Organization\",\"@id\":\"https:\/\/dj-akram.ch\/#organization\",\"name\":\"DJ Akram\",\"url\":\"https:\/\/dj-akram.ch\/\",\"logo\":{\"@type\":\"ImageObject\",\"inLanguage\":\"de\",\"@id\":\"https:\/\/dj-akram.ch\/#\/schema\/logo\/image\/\",\"url\":\"https:\/\/dj-akram.ch\/wp-content\/uploads\/2025\/11\/cropped-djakramLK.png\",\"contentUrl\":\"https:\/\/dj-akram.ch\/wp-content\/uploads\/2025\/11\/cropped-djakramLK.png\",\"width\":600,\"height\":567,\"caption\":\"DJ Akram\"},\"image\":{\"@id\":\"https:\/\/dj-akram.ch\/#\/schema\/logo\/image\/\"}}]}<\/script>\n<!-- \/ Yoast SEO plugin. -->","yoast_head_json":{"title":"Datenschutzerkl\u00e4rung - DJ Akram","description":"Datenschutzerkl\u00e4rung 1. Allgemeine Hinweise Der Schutz Ihrer pers\u00f6nlichen Daten ist uns ein wichtiges Anliegen. Diese Datenschutzerkl\u00e4rung informiert Sie dar\u00fcber, welche [&hellip;]","robots":{"index":"index","follow":"follow","max-snippet":"max-snippet:-1","max-image-preview":"max-image-preview:large","max-video-preview":"max-video-preview:-1"},"canonical":"https:\/\/dj-akram.ch\/index.php\/privacy-policy\/","og_locale":"de_DE","og_type":"article","og_title":"Datenschutzerkl\u00e4rung - DJ Akram","og_description":"Datenschutzerkl\u00e4rung 1. Allgemeine Hinweise Der Schutz Ihrer pers\u00f6nlichen Daten ist uns ein wichtiges Anliegen. Diese Datenschutzerkl\u00e4rung informiert Sie dar\u00fcber, welche [&hellip;]","og_url":"https:\/\/dj-akram.ch\/index.php\/privacy-policy\/","og_site_name":"DJ Akram","article_modified_time":"2025-11-15T07:21:01+00:00","twitter_card":"summary_large_image","twitter_misc":{"Gesch\u00e4tzte Lesezeit":"2\u00a0Minuten"},"schema":{"@context":"https:\/\/schema.org","@graph":[{"@type":"WebPage","@id":"https:\/\/dj-akram.ch\/index.php\/privacy-policy\/","url":"https:\/\/dj-akram.ch\/index.php\/privacy-policy\/","name":"Datenschutzerkl\u00e4rung - DJ Akram","isPartOf":{"@id":"https:\/\/dj-akram.ch\/#website"},"datePublished":"2025-11-12T07:25:49+00:00","dateModified":"2025-11-15T07:21:01+00:00","breadcrumb":{"@id":"https:\/\/dj-akram.ch\/index.php\/privacy-policy\/#breadcrumb"},"inLanguage":"de","potentialAction":[{"@type":"ReadAction","target":["https:\/\/dj-akram.ch\/index.php\/privacy-policy\/"]}]},{"@type":"BreadcrumbList","@id":"https:\/\/dj-akram.ch\/index.php\/privacy-policy\/#breadcrumb","itemListElement":[{"@type":"ListItem","position":1,"name":"Home","item":"https:\/\/dj-akram.ch\/"},{"@type":"ListItem","position":2,"name":"Datenschutzerkl\u00e4rung"}]},{"@type":"WebSite","@id":"https:\/\/dj-akram.ch\/#website","url":"https:\/\/dj-akram.ch\/","name":"DJ Akram","description":"","publisher":{"@id":"https:\/\/dj-akram.ch\/#organization"},"potentialAction":[{"@type":"SearchAction","target":{"@type":"EntryPoint","urlTemplate":"https:\/\/dj-akram.ch\/?s={search_term_string}"},"query-input":{"@type":"PropertyValueSpecification","valueRequired":true,"valueName":"search_term_string"}}],"inLanguage":"de"},{"@type":"Organization","@id":"https:\/\/dj-akram.ch\/#organization","name":"DJ Akram","url":"https:\/\/dj-akram.ch\/","logo":{"@type":"ImageObject","inLanguage":"de","@id":"https:\/\/dj-akram.ch\/#\/schema\/logo\/image\/","url":"https:\/\/dj-akram.ch\/wp-content\/uploads\/2025\/11\/cropped-djakramLK.png","contentUrl":"https:\/\/dj-akram.ch\/wp-content\/uploads\/2025\/11\/cropped-djakramLK.png","width":600,"height":567,"caption":"DJ Akram"},"image":{"@id":"https:\/\/dj-akram.ch\/#\/schema\/logo\/image\/"}}]}},"_links":{"self":[{"href":"https:\/\/dj-akram.ch\/index.php\/wp-json\/wp\/v2\/pages\/3","targetHints":{"allow":["GET"]}}],"collection":[{"href":"https:\/\/dj-akram.ch\/index.php\/wp-json\/wp\/v2\/pages"}],"about":[{"href":"https:\/\/dj-akram.ch\/index.php\/wp-json\/wp\/v2\/types\/page"}],"author":[{"embeddable":true,"href":"https:\/\/dj-akram.ch\/index.php\/wp-json\/wp\/v2\/users\/1"}],"replies":[{"embeddable":true,"href":"https:\/\/dj-akram.ch\/index.php\/wp-json\/wp\/v2\/comments?post=3"}],"version-history":[{"count":3,"href":"https:\/\/dj-akram.ch\/index.php\/wp-json\/wp\/v2\/pages\/3\/revisions"}],"predecessor-version":[{"id":273,"href":"https:\/\/dj-akram.ch\/index.php\/wp-json\/wp\/v2\/pages\/3\/revisions\/273"}],"wp:attachment":[{"href":"https:\/\/dj-akram.ch\/index.php\/wp-json\/wp\/v2\/media?parent=3"}],"curies":[{"name":"wp","href":"https:\/\/api.w.org\/{rel}","templated":true}]}}